{"id":11794,"date":"2020-06-12T09:53:01","date_gmt":"2020-06-12T07:53:01","guid":{"rendered":"https:\/\/jorntrahus.se\/?page_id=11794"},"modified":"2021-03-11T11:30:01","modified_gmt":"2021-03-11T10:30:01","slug":"career","status":"publish","type":"page","link":"https:\/\/jorntrahuspro.se\/en\/om-oss-old\/karriar\/","title":{"rendered":"Careers"},"content":{"rendered":"<section class=\"section\" id=\"section_598409317\">\n\t\t<div class=\"section-bg fill\" >\n\t\t\t\t\t\t\t\t\t<div class=\"section-bg-overlay absolute fill\"><\/div>\n\t\t\t\n\t<div class=\"is-border\"\n\t\tstyle=\"border-color:rgb(235, 235, 235);border-width:1px 0px 0px 0px;\">\n\t<\/div>\n\n\t\t<\/div>\n\n\t\t\n\n\t\t<div class=\"section-content relative\">\n\t\t\t\n<div class=\"row align-middle\"  id=\"row-1222155123\">\n\n\t<div id=\"col-649841055\" class=\"col medium-8 small-12 large-8\"  >\n\t\t\t\t<div class=\"col-inner\"  >\n\t\t\t\n\t\t\t\n<h1 class=\"uppercase\"><span style=\"font-size: 140%\">J\u00f6rntr\u00e4hus wants to grow<\/span><\/h1>\n<h3 class=\"uppercase thin-font\"><span style=\"font-size: 120%\">We want to get to know you!<\/span><\/h3>\n\t<div id=\"gap-1649359432\" class=\"gap-element clearfix\" style=\"display:block; height:auto;\">\n\t\t\n<style>\n#gap-1649359432 {\n  padding-top: 30px;\n}\n<\/style>\n\t<\/div>\n\t\n<a href=\"#ledigajobb\" class=\"button primary\" >\n\t\t<span>VACANT POSTS<\/span>\n\t<\/a>\n\n<a href=\"#spontanansokan\" class=\"button primary\" >\n\t\t<span>SPONTANEOUS APPLICATION<\/span>\n\t<\/a>\n\n\t\t<\/div>\n\t\t\t\t\t<\/div>\n\n\t\n<\/div>\n\t\t<\/div>\n\n\t\t\n<style>\n#section_598409317 {\n  padding-top: 60px;\n  padding-bottom: 60px;\n  min-height: 400px;\n}\n#section_598409317 .section-bg-overlay {\n  background-color: rgba(255, 255, 255, 0.75);\n}\n<\/style>\n\t<\/section>\n\t\n\t<div id=\"gap-1212410750\" class=\"gap-element clearfix\" style=\"display:block; height:auto;\">\n\t\t\n<style>\n#gap-1212410750 {\n  padding-top: 60px;\n}\n<\/style>\n\t<\/div>\n\t\n<div class=\"row row-large\"  id=\"row-280653149\">\n\n\t<div id=\"col-1486032913\" class=\"col small-12 large-12\"  >\n\t\t\t\t<div class=\"col-inner\"  >\n\t\t\t\n\t\t\t\n<div class=\"row row-large\"  id=\"row-541726334\">\n\n\t<div id=\"col-1766944383\" class=\"col medium-7 small-12 large-7\"  >\n\t\t\t\t<div class=\"col-inner\"  >\n\t\t\t\n\t\t\t\n<h3>With great ambitions and a great drive to continue our growth journey, we are always interested in getting to know new people with the same commitment and love for house construction, building technology, customer contact and creativity.<\/h3>\n<p>If you are experienced in the industry and perhaps ready for a new challenging environment or a recent graduate and want to grow with us - either way, you are warmly welcome to submit a spontaneous application or apply for the advertised jobs you will find below.<\/p>\n<p><strong>With a house factory in J\u00f6rn and headquarters in Skellefte\u00e5<\/strong> there is a need for a strong workforce with experience in many areas. We are interested in getting in touch with carpenters, building designers, A-projectors, sales people and administrators.\u00a0<\/p>\n\t\t<\/div>\n\t\t\t\t\t<\/div>\n\n\t\n\n\t<div id=\"col-603458900\" class=\"col medium-1 small-12 large-1\"  >\n\t\t\t\t<div class=\"col-inner\"  >\n\t\t\t\n\t\t\t\n\t\t<\/div>\n\t\t\t\t\t<\/div>\n\n\t\n\n\t<div id=\"col-1806608642\" class=\"col medium-4 small-12 large-4\"  >\n\t\t\t\t<div class=\"col-inner\"  >\n\t\t\t\n\t\t\t\n\t<div class=\"img has-hover x md-x lg-x y md-y lg-y\" id=\"image_471138956\">\n\t\t\t\t\t\t\t\t<div class=\"img-inner dark\" >\n\t\t\t\t\t\t\t\t\t\n\t\t\t\t\t<\/div>\n\t\t\t\t\t\t\t\t\n<style>\n#image_471138956 {\n  width: 100%;\n}\n<\/style>\n\t<\/div>\n\t\n\t<div class=\"img has-hover x md-x lg-x y md-y lg-y\" id=\"image_1728388694\">\n\t\t\t\t\t\t\t\t<div class=\"img-inner dark\" >\n\t\t\t\t\t\t\t\t\t\n\t\t\t\t\t<\/div>\n\t\t\t\t\t\t\t\t\n<style>\n#image_1728388694 {\n  width: 100%;\n}\n<\/style>\n\t<\/div>\n\t\n\t\t<\/div>\n\t\t\t\t\t<\/div>\n\n\t\n<\/div>\n\t<div id=\"gap-1834375115\" class=\"gap-element clearfix\" style=\"display:block; height:auto;\">\n\t\t\n<style>\n#gap-1834375115 {\n  padding-top: 60px;\n}\n<\/style>\n\t<\/div>\n\t\n<span class=\"scroll-to\" data-label=\"Scroll to: #ledigajobb\" data-bullet=\"false\" data-link=\"#ledigajobb\" data-title=\"LedigaJobb\"><a name=\"ledigajobb\"><\/a><\/span>\n\n\t<div id=\"gap-1552828494\" class=\"gap-element clearfix\" style=\"display:block; height:auto;\">\n\t\t\n<style>\n#gap-1552828494 {\n  padding-top: 60px;\n}\n<\/style>\n\t<\/div>\n\t\n<h3><span style=\"font-size: 120%\">Stimulating environment with a family atmosphere<\/span><\/h3>\n<p>At J\u00f6rntr\u00e4hus you will work together with some of Norrland's most committed and talented employees. You will join a flat organisation with a family atmosphere and good cohesion. We have the small company feeling, with the strength of the big company. We belong to the Contractor Group, which gives you great opportunities for skills development - and personal development.<\/p>\n<blockquote>\n<p>So if you are afraid of just doing the same things, stop developing or have a need to do something meaningful, then you are welcome to join us.<\/p>\n<\/blockquote>\n\t<div id=\"gap-1412549408\" class=\"gap-element clearfix\" style=\"display:block; height:auto;\">\n\t\t\n<style>\n#gap-1412549408 {\n  padding-top: 60px;\n}\n<\/style>\n\t<\/div>\n\t\n<span class=\"scroll-to\" data-label=\"Scroll to: #spontanansokan\" data-bullet=\"false\" data-link=\"#spontanansokan\" data-title=\"Spontanansokan\"><a name=\"spontanansokan\"><\/a><\/span>\n\n\t<section class=\"section\" id=\"section_1786255164\">\n\t\t<div class=\"section-bg fill\" >\n\t\t\t\t\t\t\t\t\t\n\t\t\t\n\t<div class=\"is-border\"\n\t\tstyle=\"border-color:rgb(235, 235, 235);border-width:1px 0px 0px 0px;\">\n\t<\/div>\n\n\t\t<\/div>\n\n\t\t\n\n\t\t<div class=\"section-content relative\">\n\t\t\t\n<div class=\"row row-collapse align-middle\"  id=\"row-1066302922\">\n\n\t<div id=\"col-1841648474\" class=\"col small-12 large-12\"  >\n\t\t\t\t<div class=\"col-inner\"  >\n\t\t\t\n\t\t\t\n<h1 style=\"text-align: center\"><span style=\"font-size: 140%\">Spontaneous application<\/span><\/h1>\n\t<div id=\"gap-705411330\" class=\"gap-element clearfix\" style=\"display:block; height:auto;\">\n\t\t\n<style>\n#gap-705411330 {\n  padding-top: 40px;\n}\n<\/style>\n\t<\/div>\n\t\n\n<div class=\"wpcf7 no-js\" id=\"wpcf7-f11798-o1\" lang=\"sv-SE\" dir=\"ltr\" data-wpcf7-id=\"11798\">\n<div class=\"screen-reader-response\"><p role=\"status\" aria-live=\"polite\" aria-atomic=\"true\"><\/p> <ul><\/ul><\/div>\n<form action=\"\/en\/wp-json\/wp\/v2\/pages\/11794#wpcf7-f11798-o1\" method=\"post\" class=\"wpcf7-form init\" aria-label=\"Contact form\" enctype=\"multipart\/form-data\" novalidate=\"novalidate\" data-status=\"init\" data-trp-original-action=\"\/en\/wp-json\/wp\/v2\/pages\/11794#wpcf7-f11798-o1\">\n<fieldset class=\"hidden-fields-container\"><input type=\"hidden\" name=\"_wpcf7\" value=\"11798\" \/><input type=\"hidden\" name=\"_wpcf7_version\" value=\"6.1.5\" \/><input type=\"hidden\" name=\"_wpcf7_locale\" value=\"sv_SE\" \/><input type=\"hidden\" name=\"_wpcf7_unit_tag\" value=\"wpcf7-f11798-o1\" \/><input type=\"hidden\" name=\"_wpcf7_container_post\" value=\"0\" \/><input type=\"hidden\" name=\"_wpcf7_posted_data_hash\" value=\"\" \/><input type=\"hidden\" name=\"_wpcf7_recaptcha_response\" value=\"\" \/>\n<\/fieldset>\n<table>\n\t<tr>\n\t\t<td style=\"width: 50%;\">\n\t\t\t<p><label>Name *.<span class=\"wpcf7-form-control-wrap\" data-name=\"kontakt-namn\"><input size=\"40\" maxlength=\"400\" class=\"wpcf7-form-control wpcf7-text wpcf7-validates-as-required\" aria-required=\"true\" aria-invalid=\"false\" value=\"\" type=\"text\" name=\"kontakt-namn\" \/><\/span> <\/label>\n\t\t\t<\/p>\n\t\t<\/td>\n\t\t<td style=\"width: 50%;\">\n\t\t\t<p><label>Occupation<br \/>\n<span class=\"wpcf7-form-control-wrap\" data-name=\"kontakt-yrke\"><select class=\"wpcf7-form-control wpcf7-select wpcf7-validates-as-required\" aria-required=\"true\" aria-invalid=\"false\" name=\"kontakt-yrke\"><option value=\"\">- Select an option<\/option><option value=\"Byggnadssnickare\">Building carpenter<\/option><option value=\"Huskonstrukt\u00f6r\">Building constructor<\/option><option value=\"A-projekt\u00f6r\">A-projector<\/option><option value=\"S\u00e4ljare\">Vendors<\/option><option value=\"Administrat\u00f6r\">Administrator<\/option><option value=\"Annat\">Other<\/option><\/select><\/span><\/label>\n\t\t\t<\/p>\n\t\t<\/td>\n\t<\/tr>\n<\/table>\n<table>\n\t<tr>\n\t\t<td style=\"width: 70%;\">\n\t\t\t<p><label>E-mail *<span class=\"wpcf7-form-control-wrap\" data-name=\"kontakt-epost\"><input size=\"40\" maxlength=\"400\" class=\"wpcf7-form-control wpcf7-email wpcf7-validates-as-required wpcf7-text wpcf7-validates-as-email\" aria-required=\"true\" aria-invalid=\"false\" value=\"\" type=\"email\" name=\"kontakt-epost\" \/><\/span> <\/label>\n\t\t\t<\/p>\n\t\t<\/td>\n\t\t<td style=\"width: 30%;\">\n\t\t\t<p><label>Phone number<span class=\"wpcf7-form-control-wrap\" data-name=\"kontakt-telefon\"><input size=\"40\" maxlength=\"400\" class=\"wpcf7-form-control wpcf7-text\" aria-invalid=\"false\" value=\"\" type=\"text\" name=\"kontakt-telefon\" \/><\/span> <\/label>\n\t\t\t<\/p>\n\t\t<\/td>\n\t<\/tr>\n<\/table>\n<p><label>Why are you the person we are looking for? Please leave a short and spontaneous answer.<br \/>\n<span class=\"wpcf7-form-control-wrap\" data-name=\"kontakt-arende\"><textarea cols=\"40\" rows=\"10\" maxlength=\"2000\" class=\"wpcf7-form-control wpcf7-textarea\" aria-invalid=\"false\" name=\"kontakt-arende\"><\/textarea><\/span> <\/label><br \/>\n<label>Attach your cover letter\/CV (preferably PDF but other file formats work well too)<br \/>\n<span class=\"wpcf7-form-control-wrap\" data-name=\"cv\"><input size=\"40\" class=\"wpcf7-form-control wpcf7-file wpcf7-validates-as-required\" accept=\".pdf,.doc,.docx,.ppt,.pptx,.jpg,.jpeg,.png\" aria-required=\"true\" aria-invalid=\"false\" type=\"file\" name=\"cv\" \/><\/span> <\/label><br \/>\n<span class=\"wpcf7-form-control-wrap\" data-name=\"kontakt-samtycke\"><span class=\"wpcf7-form-control wpcf7-checkbox wpcf7-validates-as-required\"><span class=\"wpcf7-list-item first last\"><label><input type=\"checkbox\" name=\"kontakt-samtycke[]\" value=\"Jag ger mitt samtycke att...\" \/><span class=\"wpcf7-list-item-label\">I give my consent to...<\/span><\/label><\/span><\/span><\/span> my personal data is processed in accordance with <a href=\"\/en\/about-us\/privacy-policy\/\" target=\"_blank\">J\u00f6rntr\u00e4hus privacy policy<\/a>.\n<\/p>\n<p style=\"margin-top: 20px;\"><input class=\"wpcf7-form-control wpcf7-submit has-spinner\" type=\"submit\" value=\"Submit\" \/>\n<\/p><div class=\"wpcf7-response-output\" aria-hidden=\"true\"><\/div>\n<input type=\"hidden\" name=\"trp-form-language\" value=\"en\"\/><\/form>\n<\/div>\n\n\t\t<\/div>\n\t\t\t\t\n<style>\n#col-1841648474 > .col-inner {\n  padding: 0px 50px 0px 50px;\n}\n<\/style>\n\t<\/div>\n\n\t\n<\/div>\n\t\t<\/div>\n\n\t\t\n<style>\n#section_1786255164 {\n  padding-top: 60px;\n  padding-bottom: 60px;\n  background-color: rgb(245, 245, 245);\n}\n<\/style>\n\t<\/section>\n\t\n\t<div id=\"gap-1205266604\" class=\"gap-element clearfix\" style=\"display:block; height:auto;\">\n\t\t\n<style>\n#gap-1205266604 {\n  padding-top: 100px;\n}\n<\/style>\n\t<\/div>\n\t\n\t\t<\/div>\n\t\t\t\t\t<\/div>\n\n\t\n<\/div>","protected":false},"excerpt":{"rendered":"","protected":false},"author":1,"featured_media":0,"parent":11,"menu_order":0,"comment_status":"closed","ping_status":"closed","template":"page-blank.php","meta":{"inline_featured_image":false,"footnotes":""},"class_list":["post-11794","page","type-page","status-publish","hentry"],"yoast_head":"<!-- This site is optimized with the Yoast SEO plugin v27.5 - https:\/\/yoast.com\/product\/yoast-seo-wordpress\/ -->\n<title>J\u00f6rntr\u00e4hus \u2013 unika och personliga husmodeller f\u00f6r privatpersoner &amp; f\u00f6retag<\/title>\n<meta name=\"description\" content=\"Hustillverkare med moderna husmodeller som str\u00e4cker sig fr\u00e5n privatpersoners fritidshus &amp; villor till skr\u00e4ddarsydda byggsatser &amp; modulhus till f\u00f6retag.\" \/>\n<meta name=\"robots\" content=\"index, follow, max-snippet:-1, max-image-preview:large, max-video-preview:-1\" \/>\n<link rel=\"canonical\" href=\"https:\/\/jorntrahuspro.se\/en\/about-us-old\/career\/\" \/>\n<meta property=\"og:locale\" content=\"en_GB\" \/>\n<meta property=\"og:type\" content=\"article\" \/>\n<meta property=\"og:title\" content=\"J\u00f6rntr\u00e4hus \u2013 unika och personliga husmodeller f\u00f6r privatpersoner &amp; f\u00f6retag\" \/>\n<meta property=\"og:description\" content=\"Hustillverkare med moderna husmodeller som str\u00e4cker sig fr\u00e5n privatpersoners fritidshus &amp; villor till skr\u00e4ddarsydda byggsatser &amp; modulhus till f\u00f6retag.\" \/>\n<meta property=\"og:url\" content=\"https:\/\/jorntrahuspro.se\/en\/about-us-old\/career\/\" \/>\n<meta property=\"og:site_name\" content=\"J\u00f6rntr\u00e4hus Pro\" \/>\n<meta property=\"article:modified_time\" content=\"2021-03-11T10:30:01+00:00\" \/>\n<meta name=\"twitter:card\" content=\"summary_large_image\" \/>\n<meta name=\"twitter:label1\" content=\"Estimated reading time\" \/>\n\t<meta name=\"twitter:data1\" content=\"3 minutes\" \/>\n<script type=\"application\/ld+json\" class=\"yoast-schema-graph\">{\"@context\":\"https:\\\/\\\/schema.org\",\"@graph\":[{\"@type\":\"WebPage\",\"@id\":\"https:\\\/\\\/jorntrahuspro.se\\\/om-oss-old\\\/karriar\\\/\",\"url\":\"https:\\\/\\\/jorntrahuspro.se\\\/om-oss-old\\\/karriar\\\/\",\"name\":\"J\u00f6rntr\u00e4hus \u2013 unika och personliga husmodeller f\u00f6r privatpersoner & f\u00f6retag\",\"isPartOf\":{\"@id\":\"https:\\\/\\\/jorntrahuspro.se\\\/#website\"},\"datePublished\":\"2020-06-12T07:53:01+00:00\",\"dateModified\":\"2021-03-11T10:30:01+00:00\",\"description\":\"Hustillverkare med moderna husmodeller som str\u00e4cker sig fr\u00e5n privatpersoners fritidshus & villor till skr\u00e4ddarsydda byggsatser & modulhus till f\u00f6retag.\",\"breadcrumb\":{\"@id\":\"https:\\\/\\\/jorntrahuspro.se\\\/om-oss-old\\\/karriar\\\/#breadcrumb\"},\"inLanguage\":\"en-GB\",\"potentialAction\":[{\"@type\":\"ReadAction\",\"target\":[\"https:\\\/\\\/jorntrahuspro.se\\\/om-oss-old\\\/karriar\\\/\"]}]},{\"@type\":\"BreadcrumbList\",\"@id\":\"https:\\\/\\\/jorntrahuspro.se\\\/om-oss-old\\\/karriar\\\/#breadcrumb\",\"itemListElement\":[{\"@type\":\"ListItem\",\"position\":1,\"name\":\"Hem\",\"item\":\"https:\\\/\\\/jorntrahuspro.se\\\/\"},{\"@type\":\"ListItem\",\"position\":2,\"name\":\"Om oss-OLD\",\"item\":\"https:\\\/\\\/jorntrahuspro.se\\\/om-oss-old\\\/\"},{\"@type\":\"ListItem\",\"position\":3,\"name\":\"Karri\u00e4r\"}]},{\"@type\":\"WebSite\",\"@id\":\"https:\\\/\\\/jorntrahuspro.se\\\/#website\",\"url\":\"https:\\\/\\\/jorntrahuspro.se\\\/\",\"name\":\"J\u00f6rntr\u00e4hus Pro\",\"description\":\"Skr\u00e4ddarsydda byggelement och husbyggsatser fr\u00e5n J\u00f6rntr\u00e4hus\",\"publisher\":{\"@id\":\"https:\\\/\\\/jorntrahuspro.se\\\/#organization\"},\"potentialAction\":[{\"@type\":\"SearchAction\",\"target\":{\"@type\":\"EntryPoint\",\"urlTemplate\":\"https:\\\/\\\/jorntrahuspro.se\\\/?s={search_term_string}\"},\"query-input\":{\"@type\":\"PropertyValueSpecification\",\"valueRequired\":true,\"valueName\":\"search_term_string\"}}],\"inLanguage\":\"en-GB\"},{\"@type\":\"Organization\",\"@id\":\"https:\\\/\\\/jorntrahuspro.se\\\/#organization\",\"name\":\"J\u00f6rntr\u00e4hus Pro\",\"url\":\"https:\\\/\\\/jorntrahuspro.se\\\/\",\"logo\":{\"@type\":\"ImageObject\",\"inLanguage\":\"en-GB\",\"@id\":\"https:\\\/\\\/jorntrahuspro.se\\\/#\\\/schema\\\/logo\\\/image\\\/\",\"url\":\"https:\\\/\\\/jorntrahuspro.se\\\/wp-content\\\/uploads\\\/sites\\\/2\\\/2021\\\/04\\\/Jorntrahus_Svart_RGB.png\",\"contentUrl\":\"https:\\\/\\\/jorntrahuspro.se\\\/wp-content\\\/uploads\\\/sites\\\/2\\\/2021\\\/04\\\/Jorntrahus_Svart_RGB.png\",\"width\":1550,\"height\":196,\"caption\":\"J\u00f6rntr\u00e4hus Pro\"},\"image\":{\"@id\":\"https:\\\/\\\/jorntrahuspro.se\\\/#\\\/schema\\\/logo\\\/image\\\/\"}}]}<\/script>\n<!-- \/ Yoast SEO plugin. -->","yoast_head_json":{"title":"J\u00f6rntr\u00e4hus - unique and personalised house models for individuals and companies","description":"House manufacturer with modern house models ranging from private holiday homes &amp; villas to customised kits &amp; modular houses for companies.","robots":{"index":"index","follow":"follow","max-snippet":"max-snippet:-1","max-image-preview":"max-image-preview:large","max-video-preview":"max-video-preview:-1"},"canonical":"https:\/\/jorntrahuspro.se\/en\/about-us-old\/career\/","og_locale":"en_GB","og_type":"article","og_title":"J\u00f6rntr\u00e4hus \u2013 unika och personliga husmodeller f\u00f6r privatpersoner & f\u00f6retag","og_description":"Hustillverkare med moderna husmodeller som str\u00e4cker sig fr\u00e5n privatpersoners fritidshus & villor till skr\u00e4ddarsydda byggsatser & modulhus till f\u00f6retag.","og_url":"https:\/\/jorntrahuspro.se\/en\/about-us-old\/career\/","og_site_name":"J\u00f6rntr\u00e4hus Pro","article_modified_time":"2021-03-11T10:30:01+00:00","twitter_card":"summary_large_image","twitter_misc":{"Estimated reading time":"3 minutes"},"schema":{"@context":"https:\/\/schema.org","@graph":[{"@type":"WebPage","@id":"https:\/\/jorntrahuspro.se\/om-oss-old\/karriar\/","url":"https:\/\/jorntrahuspro.se\/om-oss-old\/karriar\/","name":"J\u00f6rntr\u00e4hus - unique and personalised house models for individuals and companies","isPartOf":{"@id":"https:\/\/jorntrahuspro.se\/#website"},"datePublished":"2020-06-12T07:53:01+00:00","dateModified":"2021-03-11T10:30:01+00:00","description":"House manufacturer with modern house models ranging from private holiday homes &amp; villas to customised kits &amp; modular houses for companies.","breadcrumb":{"@id":"https:\/\/jorntrahuspro.se\/om-oss-old\/karriar\/#breadcrumb"},"inLanguage":"en-GB","potentialAction":[{"@type":"ReadAction","target":["https:\/\/jorntrahuspro.se\/om-oss-old\/karriar\/"]}]},{"@type":"BreadcrumbList","@id":"https:\/\/jorntrahuspro.se\/om-oss-old\/karriar\/#breadcrumb","itemListElement":[{"@type":"ListItem","position":1,"name":"Hem","item":"https:\/\/jorntrahuspro.se\/"},{"@type":"ListItem","position":2,"name":"Om oss-OLD","item":"https:\/\/jorntrahuspro.se\/om-oss-old\/"},{"@type":"ListItem","position":3,"name":"Karri\u00e4r"}]},{"@type":"WebSite","@id":"https:\/\/jorntrahuspro.se\/#website","url":"https:\/\/jorntrahuspro.se\/","name":"J\u00f6rntr\u00e4hus Pro","description":"Customised building elements and house kits from J\u00f6rntr\u00e4hus","publisher":{"@id":"https:\/\/jorntrahuspro.se\/#organization"},"potentialAction":[{"@type":"SearchAction","target":{"@type":"EntryPoint","urlTemplate":"https:\/\/jorntrahuspro.se\/?s={search_term_string}"},"query-input":{"@type":"PropertyValueSpecification","valueRequired":true,"valueName":"search_term_string"}}],"inLanguage":"en-GB"},{"@type":"Organization","@id":"https:\/\/jorntrahuspro.se\/#organization","name":"J\u00f6rntr\u00e4hus Pro","url":"https:\/\/jorntrahuspro.se\/","logo":{"@type":"ImageObject","inLanguage":"en-GB","@id":"https:\/\/jorntrahuspro.se\/#\/schema\/logo\/image\/","url":"https:\/\/jorntrahuspro.se\/wp-content\/uploads\/sites\/2\/2021\/04\/Jorntrahus_Svart_RGB.png","contentUrl":"https:\/\/jorntrahuspro.se\/wp-content\/uploads\/sites\/2\/2021\/04\/Jorntrahus_Svart_RGB.png","width":1550,"height":196,"caption":"J\u00f6rntr\u00e4hus Pro"},"image":{"@id":"https:\/\/jorntrahuspro.se\/#\/schema\/logo\/image\/"}}]}},"publishpress_future_action":{"enabled":false,"date":"2026-05-17 03:10:37","action":"change-status","newStatus":"draft","terms":[],"taxonomy":"","extraData":[]},"publishpress_future_workflow_manual_trigger":{"enabledWorkflows":[]},"_links":{"self":[{"href":"https:\/\/jorntrahuspro.se\/en\/wp-json\/wp\/v2\/pages\/11794","targetHints":{"allow":["GET"]}}],"collection":[{"href":"https:\/\/jorntrahuspro.se\/en\/wp-json\/wp\/v2\/pages"}],"about":[{"href":"https:\/\/jorntrahuspro.se\/en\/wp-json\/wp\/v2\/types\/page"}],"author":[{"embeddable":true,"href":"https:\/\/jorntrahuspro.se\/en\/wp-json\/wp\/v2\/users\/1"}],"replies":[{"embeddable":true,"href":"https:\/\/jorntrahuspro.se\/en\/wp-json\/wp\/v2\/comments?post=11794"}],"version-history":[{"count":4,"href":"https:\/\/jorntrahuspro.se\/en\/wp-json\/wp\/v2\/pages\/11794\/revisions"}],"predecessor-version":[{"id":12622,"href":"https:\/\/jorntrahuspro.se\/en\/wp-json\/wp\/v2\/pages\/11794\/revisions\/12622"}],"up":[{"embeddable":true,"href":"https:\/\/jorntrahuspro.se\/en\/wp-json\/wp\/v2\/pages\/11"}],"wp:attachment":[{"href":"https:\/\/jorntrahuspro.se\/en\/wp-json\/wp\/v2\/media?parent=11794"}],"curies":[{"name":"wp","href":"https:\/\/api.w.org\/{rel}","templated":true}]}}